{"id":810,"date":"2021-04-20T11:27:20","date_gmt":"2021-04-20T11:27:20","guid":{"rendered":"http:\/\/www.tryangel.cz\/?page_id=810"},"modified":"2021-04-20T11:30:17","modified_gmt":"2021-04-20T11:30:17","slug":"hp-latex-310","status":"publish","type":"page","link":"https:\/\/www.tryangel.cz\/index.php\/hp-latex-310\/","title":{"rendered":"HP LATEX 310"},"content":{"rendered":"\n<p>Prod\u00e1me minim\u00e1ln\u011b vyt\u00ed\u017eenou velkoform\u00e1tovou tisk\u00e1rnu HP LATEX 310 ve skv\u011bl\u00e9m stavu v\u010detn\u011b dopl\u0148kov\u00e9ho p\u0159\u00edslu\u0161enstv\u00ed (nav\u00edjec\u00ed za\u0159\u00edzen\u00ed), n\u011bkter\u00fdch n\u00e1hradn\u00edch inkoust\u016f a RIP SAI Flexiprint HP edition. Tisk\u00e1rna koupena v HSW.cz a celou dobu tak\u00e9 tam pod servisn\u00edm dohledem. Zm\u011bnila se n\u00e1m struktura zak\u00e1zek a pro tuto tisk\u00e1rnu ji\u017e nem\u00e1me vyu\u017eit\u00ed. Cena je 99.000,-K\u010d bez DPH. Pro bli\u017e\u0161\u00ed info volejte Milan 603294213, nebo pi\u0161te na milan.brejcha@tryangel.cz.<\/p>\n\n\n\n<figure class=\"wp-block-gallery columns-3 is-cropped wp-block-gallery-1 is-layout-flex wp-block-gallery-is-layout-flex\"><ul class=\"blocks-gallery-grid\"><li class=\"blocks-gallery-item\"><figure><img loading=\"lazy\" decoding=\"async\" width=\"800\" height=\"599\" src=\"https:\/\/www.tryangel.cz\/wp-content\/uploads\/2021\/04\/HP-latex-310-1-2.jpeg\" alt=\"\" data-id=\"815\" data-full-url=\"https:\/\/www.tryangel.cz\/wp-content\/uploads\/2021\/04\/HP-latex-310-1-2.jpeg\" data-link=\"https:\/\/www.tryangel.cz\/?attachment_id=815\" class=\"wp-image-815\" srcset=\"https:\/\/www.tryangel.cz\/wp-content\/uploads\/2021\/04\/HP-latex-310-1-2.jpeg 800w, https:\/\/www.tryangel.cz\/wp-content\/uploads\/2021\/04\/HP-latex-310-1-2-300x225.jpeg 300w, https:\/\/www.tryangel.cz\/wp-content\/uploads\/2021\/04\/HP-latex-310-1-2-768x575.jpeg 768w\" sizes=\"auto, (max-width: 800px) 100vw, 800px\" \/><\/figure><\/li><li class=\"blocks-gallery-item\"><figure><img loading=\"lazy\" decoding=\"async\" width=\"799\" height=\"600\" src=\"https:\/\/www.tryangel.cz\/wp-content\/uploads\/2021\/04\/HP-latex-310-2-1.jpeg\" alt=\"\" data-id=\"816\" data-full-url=\"https:\/\/www.tryangel.cz\/wp-content\/uploads\/2021\/04\/HP-latex-310-2-1.jpeg\" data-link=\"https:\/\/www.tryangel.cz\/?attachment_id=816\" class=\"wp-image-816\" srcset=\"https:\/\/www.tryangel.cz\/wp-content\/uploads\/2021\/04\/HP-latex-310-2-1.jpeg 799w, https:\/\/www.tryangel.cz\/wp-content\/uploads\/2021\/04\/HP-latex-310-2-1-300x225.jpeg 300w, https:\/\/www.tryangel.cz\/wp-content\/uploads\/2021\/04\/HP-latex-310-2-1-768x577.jpeg 768w\" sizes=\"auto, (max-width: 799px) 100vw, 799px\" \/><\/figure><\/li><li class=\"blocks-gallery-item\"><figure><img loading=\"lazy\" decoding=\"async\" width=\"799\" height=\"600\" src=\"https:\/\/www.tryangel.cz\/wp-content\/uploads\/2021\/04\/HP-latex-310-3-1.jpeg\" alt=\"\" data-id=\"817\" data-full-url=\"https:\/\/www.tryangel.cz\/wp-content\/uploads\/2021\/04\/HP-latex-310-3-1.jpeg\" data-link=\"https:\/\/www.tryangel.cz\/?attachment_id=817\" class=\"wp-image-817\" srcset=\"https:\/\/www.tryangel.cz\/wp-content\/uploads\/2021\/04\/HP-latex-310-3-1.jpeg 799w, https:\/\/www.tryangel.cz\/wp-content\/uploads\/2021\/04\/HP-latex-310-3-1-300x225.jpeg 300w, https:\/\/www.tryangel.cz\/wp-content\/uploads\/2021\/04\/HP-latex-310-3-1-768x577.jpeg 768w\" sizes=\"auto, (max-width: 799px) 100vw, 799px\" \/><\/figure><\/li><\/ul><\/figure>\n","protected":false},"excerpt":{"rendered":"<p>Prod\u00e1me minim\u00e1ln\u011b vyt\u00ed\u017eenou velkoform\u00e1tovou tisk\u00e1rnu HP LATEX 310 ve skv\u011bl\u00e9m stavu v\u010detn\u011b dopl\u0148kov\u00e9ho p\u0159\u00edslu\u0161enstv\u00ed (nav\u00edjec\u00ed za\u0159\u00edzen\u00ed), n\u011bkter\u00fdch n\u00e1hradn\u00edch inkoust\u016f a RIP SAI Flexiprint HP edition. Tisk\u00e1rna koupena v HSW.cz a celou dobu tak\u00e9 tam pod servisn\u00edm dohledem. Zm\u011bnila se n\u00e1m struktura zak\u00e1zek a pro tuto tisk\u00e1rnu ji\u017e nem\u00e1me vyu\u017eit\u00ed. Cena je 99.000,-K\u010d bez DPH. Pro [&hellip;]<\/p>\n","protected":false},"author":1,"featured_media":0,"parent":0,"menu_order":0,"comment_status":"closed","ping_status":"closed","template":"","meta":{"footnotes":""},"class_list":["post-810","page","type-page","status-publish","hentry"],"_links":{"self":[{"href":"https:\/\/www.tryangel.cz\/index.php\/wp-json\/wp\/v2\/pages\/810","targetHints":{"allow":["GET"]}}],"collection":[{"href":"https:\/\/www.tryangel.cz\/index.php\/wp-json\/wp\/v2\/pages"}],"about":[{"href":"https:\/\/www.tryangel.cz\/index.php\/wp-json\/wp\/v2\/types\/page"}],"author":[{"embeddable":true,"href":"https:\/\/www.tryangel.cz\/index.php\/wp-json\/wp\/v2\/users\/1"}],"replies":[{"embeddable":true,"href":"https:\/\/www.tryangel.cz\/index.php\/wp-json\/wp\/v2\/comments?post=810"}],"version-history":[{"count":1,"href":"https:\/\/www.tryangel.cz\/index.php\/wp-json\/wp\/v2\/pages\/810\/revisions"}],"predecessor-version":[{"id":818,"href":"https:\/\/www.tryangel.cz\/index.php\/wp-json\/wp\/v2\/pages\/810\/revisions\/818"}],"wp:attachment":[{"href":"https:\/\/www.tryangel.cz\/index.php\/wp-json\/wp\/v2\/media?parent=810"}],"curies":[{"name":"wp","href":"https:\/\/api.w.org\/{rel}","templated":true}]}}